{"id":313,"date":"2020-10-18T06:43:06","date_gmt":"2020-10-18T06:43:06","guid":{"rendered":"http:\/\/salesianmissions.hu\/voluntary\/?page_id=313"},"modified":"2023-02-13T00:11:52","modified_gmt":"2023-02-13T00:11:52","slug":"csatlakozz","status":"publish","type":"page","link":"https:\/\/salesianmissions.hu\/voluntary\/csatlakozz\/","title":{"rendered":"Csatlakozz!"},"content":{"rendered":"\n<p>Szervezd vel\u00fcnk a Szal\u00e9zi Misszi\u00f3s \u00d6nk\u00e9ntesek projektjeit!<\/p>\n\n\n\n<p>Cs\u00fct\u00f6rt\u00f6k est\u00e9nk\u00e9nt tal\u00e1lkozunk az \u00d3budai Don Bosco Orat\u00f3rium 4.emeleti irod\u00e1j\u00e1ban.<\/p>\n\n\n\n<p>Ha k\u00e9rd\u00e9sed van, vagy beugran\u00e1l megn\u00e9zni minket gyere b\u00e1tran, de az\u00e9rt jobb, ha \u00edrsz el\u0151tte egy \u00fczenetet! (hogy j\u00f3kor gyere \ud83d\ude09<\/p>\n","protected":false},"excerpt":{"rendered":"<p>Szervezd vel\u00fcnk a Szal\u00e9zi Misszi\u00f3s \u00d6nk\u00e9ntesek projektjeit! Cs\u00fct\u00f6rt\u00f6k est\u00e9nk\u00e9nt tal\u00e1lkozunk az \u00d3budai Don Bosco Orat\u00f3rium 4.emeleti irod\u00e1j\u00e1ban. Ha k\u00e9rd\u00e9sed van, vagy beugran\u00e1l megn\u00e9zni minket gyere<\/p>\n","protected":false},"author":2,"featured_media":0,"parent":0,"menu_order":0,"comment_status":"closed","ping_status":"closed","template":"","meta":[],"_links":{"self":[{"href":"https:\/\/salesianmissions.hu\/voluntary\/wp-json\/wp\/v2\/pages\/313"}],"collection":[{"href":"https:\/\/salesianmissions.hu\/voluntary\/wp-json\/wp\/v2\/pages"}],"about":[{"href":"https:\/\/salesianmissions.hu\/voluntary\/wp-json\/wp\/v2\/types\/page"}],"author":[{"embeddable":true,"href":"https:\/\/salesianmissions.hu\/voluntary\/wp-json\/wp\/v2\/users\/2"}],"replies":[{"embeddable":true,"href":"https:\/\/salesianmissions.hu\/voluntary\/wp-json\/wp\/v2\/comments?post=313"}],"version-history":[{"count":4,"href":"https:\/\/salesianmissions.hu\/voluntary\/wp-json\/wp\/v2\/pages\/313\/revisions"}],"predecessor-version":[{"id":462,"href":"https:\/\/salesianmissions.hu\/voluntary\/wp-json\/wp\/v2\/pages\/313\/revisions\/462"}],"wp:attachment":[{"href":"https:\/\/salesianmissions.hu\/voluntary\/wp-json\/wp\/v2\/media?parent=313"}],"curies":[{"name":"wp","href":"https:\/\/api.w.org\/{rel}","templated":true}]}}