{"id":331,"date":"2020-10-18T07:44:34","date_gmt":"2020-10-18T07:44:34","guid":{"rendered":"http:\/\/salesianmissions.hu\/voluntary\/?page_id=331"},"modified":"2023-02-15T00:54:21","modified_gmt":"2023-02-15T00:54:21","slug":"hosszu-kuldetes","status":"publish","type":"page","link":"https:\/\/salesianmissions.hu\/voluntary\/hosszu-kuldetes\/","title":{"rendered":"Hossz\u00fa k\u00fcldet\u00e9s"},"content":{"rendered":"\n<p>Hossz\u00fa k\u00fcldet\u00e9sre 18-35 \u00e9ves fiatal feln\u0151tteket ind\u00edtunk valamely szal\u00e9zi k\u00f6z\u00f6ss\u00e9ghez, ahol rendszerint 2-36  h\u00f3napig tart az \u00f6nk\u00e9ntes feladat. <\/p>\n\n\n\n<p>Ez a k\u00fcldet\u00e9s gyakorlatilag munkav\u00e9gz\u00e9snek sz\u00e1m\u00edt, amire vonatkoznak a munkajogi el\u0151\u00edr\u00e1sok \u00e9s eur\u00f3pai uni\u00f3s ir\u00e1nyelvek, illetve az ottart\u00f3zkod\u00e1st finansz\u00edroz\u00f3 t\u00e1mogat\u00f3 (Erasmus +\/Hungary helps) \u00e1ltal t\u00e1masztott k\u00f6vetelm\u00e9nyek.<\/p>\n\n\n\n<h2>Aktu\u00e1lis hossz\u00fa-k\u00fcldet\u00e9sek: <\/h2>\n\n\n<ul class=\"wp-block-latest-posts__list is-grid columns-3 wp-block-latest-posts has-medium-font-size\"><li><div class=\"wp-block-latest-posts__featured-image\"><a href=\"https:\/\/salesianmissions.hu\/voluntary\/2024\/01\/11\/onkentes-lehetosegek-szloveniaban\/\" aria-label=\"\u00d6nk\u00e9ntes lehet\u0151s\u00e9gek Szlov\u00e9ni\u00e1ban\"><img width=\"300\" height=\"300\" src=\"https:\/\/salesianmissions.hu\/voluntary\/wp-content\/uploads\/2024\/01\/Purple-Volunteer-Recruitment-Flyer-300x300.png\" class=\"attachment-medium size-medium wp-post-image\" alt=\"\" decoding=\"async\" loading=\"lazy\" style=\"\" srcset=\"https:\/\/salesianmissions.hu\/voluntary\/wp-content\/uploads\/2024\/01\/Purple-Volunteer-Recruitment-Flyer-300x300.png 300w, https:\/\/salesianmissions.hu\/voluntary\/wp-content\/uploads\/2024\/01\/Purple-Volunteer-Recruitment-Flyer-150x150.png 150w, https:\/\/salesianmissions.hu\/voluntary\/wp-content\/uploads\/2024\/01\/Purple-Volunteer-Recruitment-Flyer-800x800.png 800w\" sizes=\"(max-width: 300px) 100vw, 300px\" \/><\/a><\/div><a class=\"wp-block-latest-posts__post-title\" href=\"https:\/\/salesianmissions.hu\/voluntary\/2024\/01\/11\/onkentes-lehetosegek-szloveniaban\/\">\u00d6nk\u00e9ntes lehet\u0151s\u00e9gek Szlov\u00e9ni\u00e1ban<\/a><\/li>\n<li><div class=\"wp-block-latest-posts__featured-image\"><a href=\"https:\/\/salesianmissions.hu\/voluntary\/2024\/01\/11\/onkentes-ev-angliaban\/\" aria-label=\"\u00d6NK\u00c9NTES \u00c9V ANGLI\u00c1BAN\"><img width=\"300\" height=\"300\" src=\"https:\/\/salesianmissions.hu\/voluntary\/wp-content\/uploads\/2024\/01\/Green-Red-Volunter-Need-Flyer-300x300.png\" class=\"attachment-medium size-medium wp-post-image\" alt=\"\" decoding=\"async\" loading=\"lazy\" style=\"\" srcset=\"https:\/\/salesianmissions.hu\/voluntary\/wp-content\/uploads\/2024\/01\/Green-Red-Volunter-Need-Flyer-300x300.png 300w, https:\/\/salesianmissions.hu\/voluntary\/wp-content\/uploads\/2024\/01\/Green-Red-Volunter-Need-Flyer-150x150.png 150w, https:\/\/salesianmissions.hu\/voluntary\/wp-content\/uploads\/2024\/01\/Green-Red-Volunter-Need-Flyer-800x800.png 800w\" sizes=\"(max-width: 300px) 100vw, 300px\" \/><\/a><\/div><a class=\"wp-block-latest-posts__post-title\" href=\"https:\/\/salesianmissions.hu\/voluntary\/2024\/01\/11\/onkentes-ev-angliaban\/\">\u00d6NK\u00c9NTES \u00c9V ANGLI\u00c1BAN<\/a><\/li>\n<li><div class=\"wp-block-latest-posts__featured-image\"><a href=\"https:\/\/salesianmissions.hu\/voluntary\/2024\/01\/11\/onkentes-ev-klagenfurtban-2\/\" aria-label=\"\u00d6nk\u00e9ntes \u00e9v Klagenfurtban\"><img width=\"300\" height=\"300\" src=\"https:\/\/salesianmissions.hu\/voluntary\/wp-content\/uploads\/2024\/01\/Blue-and-White-Modern-Volunteers-Needed-Flyer-1-300x300.png\" class=\"attachment-medium size-medium wp-post-image\" alt=\"\" decoding=\"async\" loading=\"lazy\" style=\"\" srcset=\"https:\/\/salesianmissions.hu\/voluntary\/wp-content\/uploads\/2024\/01\/Blue-and-White-Modern-Volunteers-Needed-Flyer-1-300x300.png 300w, https:\/\/salesianmissions.hu\/voluntary\/wp-content\/uploads\/2024\/01\/Blue-and-White-Modern-Volunteers-Needed-Flyer-1-150x150.png 150w, https:\/\/salesianmissions.hu\/voluntary\/wp-content\/uploads\/2024\/01\/Blue-and-White-Modern-Volunteers-Needed-Flyer-1-800x800.png 800w\" sizes=\"(max-width: 300px) 100vw, 300px\" \/><\/a><\/div><a class=\"wp-block-latest-posts__post-title\" href=\"https:\/\/salesianmissions.hu\/voluntary\/2024\/01\/11\/onkentes-ev-klagenfurtban-2\/\">\u00d6nk\u00e9ntes \u00e9v Klagenfurtban<\/a><\/li>\n<li><div class=\"wp-block-latest-posts__featured-image\"><a href=\"https:\/\/salesianmissions.hu\/voluntary\/2023\/05\/11\/kuldetes-fulpmesben\/\" aria-label=\"K\u00fcldet\u00e9s Fulpmesben\"><img width=\"300\" height=\"300\" src=\"https:\/\/salesianmissions.hu\/voluntary\/wp-content\/uploads\/2023\/05\/Fulpmes-1-300x300.png\" class=\"attachment-medium size-medium wp-post-image\" alt=\"\" decoding=\"async\" loading=\"lazy\" style=\"\" srcset=\"https:\/\/salesianmissions.hu\/voluntary\/wp-content\/uploads\/2023\/05\/Fulpmes-1-300x300.png 300w, https:\/\/salesianmissions.hu\/voluntary\/wp-content\/uploads\/2023\/05\/Fulpmes-1-150x150.png 150w, https:\/\/salesianmissions.hu\/voluntary\/wp-content\/uploads\/2023\/05\/Fulpmes-1-800x800.png 800w\" sizes=\"(max-width: 300px) 100vw, 300px\" \/><\/a><\/div><a class=\"wp-block-latest-posts__post-title\" href=\"https:\/\/salesianmissions.hu\/voluntary\/2023\/05\/11\/kuldetes-fulpmesben\/\">K\u00fcldet\u00e9s Fulpmesben<\/a><\/li>\n<li><div class=\"wp-block-latest-posts__featured-image\"><a href=\"https:\/\/salesianmissions.hu\/voluntary\/2023\/02\/15\/onkentesseg-az-egyesult-kiralysagban\/\" aria-label=\"Join the TEAM in Bollington\"><img width=\"300\" height=\"300\" src=\"https:\/\/salesianmissions.hu\/voluntary\/wp-content\/uploads\/2023\/02\/7-300x300.jpg\" class=\"attachment-medium size-medium wp-post-image\" alt=\"\" decoding=\"async\" loading=\"lazy\" style=\"\" srcset=\"https:\/\/salesianmissions.hu\/voluntary\/wp-content\/uploads\/2023\/02\/7-300x300.jpg 300w, https:\/\/salesianmissions.hu\/voluntary\/wp-content\/uploads\/2023\/02\/7-150x150.jpg 150w\" sizes=\"(max-width: 300px) 100vw, 300px\" \/><\/a><\/div><a class=\"wp-block-latest-posts__post-title\" href=\"https:\/\/salesianmissions.hu\/voluntary\/2023\/02\/15\/onkentesseg-az-egyesult-kiralysagban\/\">Join the TEAM in Bollington<\/a><\/li>\n<\/ul>\n\n\n<h3>Mi lesz ott a feladat?<\/h3>\n\n\n\n<p>Az \u00f6nk\u00e9ntes feladatok az adott c\u00e9lhely szerint elt\u00e9r\u0151ek lehetnek, de jellemz\u0151en<\/p>\n\n\n\n<ul>\n<li>Ifjus\u00e1gi, vagy programokat kell el\u0151k\u00e9sz\u00edtened, v\u00e9grehajtandod vagy seg\u00edt\u0151k\u00e9nt, anim\u00e1tork\u00e9nt er\u0151s\u00edtened.<\/li>\n\n\n\n<li>Fiatalok sz\u00e1m\u00e1ra szabadid\u0151s tev\u00e9kenys\u00e9geket kell szervezned.<\/li>\n\n\n\n<li>Oktat\u00e1ssal, nevel\u00e9ssel foglalkoz\u00f3 int\u00e9zm\u00e9nyek munk\u00e1j\u00e1t kell t\u00e1mogatnod (oktat\u00e1s, pedag\u00f3giai asszisztensi feladatok, stb.)<\/li>\n\n\n\n<li>R\u00e9szt veszel a szervez\u0151k, h\u00e1zigazd\u00e1k illetve a t\u00e1mogat\u00f3k \u00e1ltal eltervezett k\u00e9pz\u00e9si programokon.<\/li>\n\n\n\n<li>R\u00e9szt veszel a helyi k\u00f6z\u00f6ss\u00e9g \u00e9let\u00e9ben (k\u00f6z\u00f6s im\u00e1k, \u00e9tkez\u00e9sek, h\u00e1zk\u00f6r\u00fcli munk\u00e1k,stb.)<\/li>\n<\/ul>\n\n\n\n<h3>Hogyan k\u00e9sz\u00fcljek?<\/h3>\n\n\n\n<p>A k\u00fcldet\u00e9s el\u0151tt rendszerint <strong>h\u00e1rom &#8211;&nbsp;hat <\/strong>alkalomb\u00f3l \u00e1ll\u00f3 k\u00e9pz\u00e9si folyamaton kell r\u00e9sztvenned. Ennek sor\u00e1n lehet\u0151s\u00e9ged ny\u00edlik alaposabban megismerni a Szal\u00e9zi lelkis\u00e9get, megismerkedni a c\u00e9lhely \u00e9s az adott kult\u00fara k\u00f6r\u00fclm\u00e9nyeivel, \u00e9s elm\u00e9ly\u00edteni az \u00f6nismerettel \u00e9s szem\u00e9lyes fejl\u0151d\u00e9ssel kapcsolatos gondolataidat.  Illetve a k\u00e9pz\u00e9s sor\u00e1n megismerheted majd a finansz\u00edroz\u00e1si forma \u00e1ltal t\u00e1masztott k\u00f6vetelm\u00e9nyeket \u00e9s lehet\u0151s\u00e9geket is.<\/p>\n\n\n\n<p>Javaslom, hogy a nyelvtanul\u00e1snak, de legal\u00e1bb is az angolnak m\u00e1r most kezdj neki!<\/p>\n\n\n\n<h3>Mikor indulhatok?<\/h3>\n\n\n\n<p>A hossz\u00fa k\u00fcldet\u00e9seket egy \u00f6sszetetebb el\u0151k\u00e9sz\u00fcleti folyamat el\u0151zi meg. \u00c1ltal\u00e1ban jelentkez\u00e9st\u0151l sz\u00e1m\u00edtott legkevesebb f\u00e9l \u00e9v am\u00edg a k\u00e9pz\u00e9si folyamat lezajlik.<br>Azonban elfordulhat, hogy egy-egy projektre r\u00f6videbb id\u0151 alatt kell felk\u00e9sz\u00fcln\u00f6d.<\/p>\n\n\n\n<p>Az el\u0151k\u00e9sz\u00edtett k\u00fcldet\u00e9seket&nbsp;<a href=\"http:\/\/salesianmissions.hu\/voluntary\/aktualis\/\">ezen az oldalon<\/a>&nbsp;b\u00f6ng\u00e9szheted. Ezekre a k\u00fcldet\u00e9sekre m\u00e1r v\u00e1rjuk a jelentkez\u00e9sed!<\/p>\n\n\n\n<h3>Mehetek a kedvenc orsz\u00e1gomba?<\/h3>\n\n\n\n<p>A vil\u00e1g sz\u00e1mos orsz\u00e1g\u00e1b\u00f3l sz\u00e1m\u00edthatnak r\u00e1d!<\/p>\n\n\n\n<p>Jelezd, ha van kiv\u00e1lasztott orsz\u00e1g, ahov\u00e1 sz\u00edvesen induln\u00e1l, felvessz\u00fck a helyi szal\u00e9zi k\u00f6z\u00f6ss\u00e9ggel a kapcsolatot.<br>Viszont nem tudjuk garant\u00e1lni, hogy az \u00e1ltalad kigondolt orsz\u00e1gban azonnal elhelyez\u00fcnk. Gondolj csak bele, hogy a projekteket szervez\u0151 k\u00f6z\u00f6ss\u00e9gek \u00e9pp\u00fagy keresnek \u00f6nk\u00e9ntes fiatalt, ahogyan a fiatal keresi a megfelel\u0151 k\u00fcldet\u00e9st.<\/p>\n\n\n\n<p>Fordulj nyitott sz\u00edvvel az \u00f6nk\u00e9ntess\u00e9g fel\u00e9!<\/p>\n\n\n\n<h3>El\u00e9g ha tudok angolul?<\/h3>\n\n\n\n<p>Eur\u00f3p\u00e1n bel\u00fcl igen, a k\u00fcldet\u00e9sek alapvet\u0151 nyelve az Angol. Azonban kiemelten aj\u00e1nlott a c\u00e9lhely nyelv\u00e9t alaposan \u00e1ttanulm\u00e1nyozni, \u00e9s j\u00f3l megtanulni. Sokkal \u00e9rt\u00e9kesebb \u00f6nk\u00e9ntesek tudunk lenni, ha meg\u00e9rtj\u00fck azokat, akiknek a seg\u00edts\u00e9g\u00e9re vagyunk. <\/p>\n\n\n\n<p>Az Eur\u00f3p\u00e1n k\u00edv\u00fcli c\u00e9lhelyek eset\u00e9n fontos, hogy legal\u00e1bb k\u00f6z\u00e9pszinten tudj besz\u00e9lni az adott orsz\u00e1g hivatalos nyelv\u00e9n!<\/p>\n\n\n\n<p>A k\u00e9pz\u00e9s sor\u00e1n mi is t\u00f6rekedni fogunk r\u00e1, hogy megtanuld a c\u00e9lorsz\u00e1g n\u00e9h\u00e1ny alapvet\u0151 kifejez\u00e9s\u00e9t, de a te feladatod lesz, hogy k\u00e9pess\u00e9geid szerint a lehet\u0151 legjobban elsaj\u00e1t\u00edtsd a helyi nyelvet. <\/p>\n\n\n\n<h3>Mivel tartozom ez\u00e9rt?<\/h3>\n\n\n\n<p>Az Eur\u00f3p\u00e1n bel\u00fcli k\u00fcldet\u00e9sek jellemz\u0151en a Szal\u00e9zi Rend \u00e9s gyakran m\u00e1s forr\u00e1sok (EU) t\u00e1mogat\u00e1s\u00e1t \u00e9lvezik, \u00edgy k\u00fcl\u00f6n\u00f6sebb anyagi vonzata nincs az ottart\u00f3zkod\u00e1snak \u00e9s az utaz\u00e1s is megoldott.<\/p>\n\n\n\n<p>Az Eur\u00f3p\u00e1n k\u00edv\u00fcli utak szervez\u00e9se k\u00fcl\u00f6n feladat, ahol felmer\u00fclhet, hogy az \u00f6nk\u00e9ntes saj\u00e1t k\u00f6lts\u00e9g\u00e9re utazik (rep\u00fcl\u0151jegyet v\u00e1s\u00e1rol, stb.). <\/p>\n\n\n\n<p>A c\u00e9lhelyek t\u00e1mogat\u00e1s\u00e1ra k\u00e9r\u00fcnk te is kezdem\u00e9nyezz adom\u00e1nygy\u0171jt\u0151 kamp\u00e1nyt, k\u00fcl\u00f6n\u00f6sen ha Eur\u00f3p\u00e1n k\u00edv\u00fcli illetve haz\u00e1nkn\u00e1l gyeng\u00e9bb gazdas\u00e1g\u00fa orsz\u00e1gba indulsz. Ezzel m\u00e1r a k\u00e9sz\u00fclet sor\u00e1n sokan meger\u0151s\u00edthetnek t\u00e9ged t\u00e1mogat\u00e1sukkal, \u00e9s hozz\u00e1j\u00e1rulsz a c\u00e9lhellyel val\u00f3 j\u00f3 kapcsolat ki\u00e9p\u00edt\u00e9s\u00e9re.<\/p>\n\n\n\n<p>Sz\u00e1m\u00edtunk r\u00e1d, hogy haza\u00e9rkezve egy r\u00f6vid (max 30 perc)&nbsp;<strong>bemutat\u00f3val&nbsp;<\/strong>seg\u00edtitek a Misszi\u00f3s \u00d6nk\u00e9ntesek k\u00e9pz\u00e9s\u00e9t, illetve, k\u00e9r\u00fcnk, hogy egy<strong>&nbsp;\u00edr\u00e1sos besz\u00e1mol\u00f3t \u00e9s n\u00e9h\u00e1ny f\u00e9nyk\u00e9pet<\/strong>&nbsp;is k\u00fcldj az \u00e9lm\u00e9nyeidr\u0151l, megszerzett tud\u00e1sr\u00f3l, amit honlapunkon megoszthatunk.<\/p>\n\n\n\n<h3>Hogyan jelentkezhetek?<\/h3>\n\n\n\n<p>K\u00fcldd el&nbsp;angol nyelv\u0171 \u00f6n\u00e9letrajzod&nbsp;a&nbsp;<a href=\"mailto:derossisdb@gmail.com\">derossisdb@gmail.com<\/a>&nbsp;\u2013 e-mail c\u00edmre! Tov\u00e1bbi r\u00e9szleteket tal\u00e1lsz itt: <a href=\"http:\/\/salesianmissions.hu\/voluntary\/jelentkezes\/\" data-type=\"page\" data-id=\"506\">Jelentkez\u00e9s<\/a><\/p>\n","protected":false},"excerpt":{"rendered":"<p>Hossz\u00fa k\u00fcldet\u00e9sre 18-35 \u00e9ves fiatal feln\u0151tteket ind\u00edtunk valamely szal\u00e9zi k\u00f6z\u00f6ss\u00e9ghez, ahol rendszerint 2-36 h\u00f3napig tart az \u00f6nk\u00e9ntes feladat. Ez a k\u00fcldet\u00e9s gyakorlatilag munkav\u00e9gz\u00e9snek sz\u00e1m\u00edt, amire<\/p>\n","protected":false},"author":2,"featured_media":0,"parent":0,"menu_order":0,"comment_status":"closed","ping_status":"closed","template":"","meta":[],"_links":{"self":[{"href":"https:\/\/salesianmissions.hu\/voluntary\/wp-json\/wp\/v2\/pages\/331"}],"collection":[{"href":"https:\/\/salesianmissions.hu\/voluntary\/wp-json\/wp\/v2\/pages"}],"about":[{"href":"https:\/\/salesianmissions.hu\/voluntary\/wp-json\/wp\/v2\/types\/page"}],"author":[{"embeddable":true,"href":"https:\/\/salesianmissions.hu\/voluntary\/wp-json\/wp\/v2\/users\/2"}],"replies":[{"embeddable":true,"href":"https:\/\/salesianmissions.hu\/voluntary\/wp-json\/wp\/v2\/comments?post=331"}],"version-history":[{"count":9,"href":"https:\/\/salesianmissions.hu\/voluntary\/wp-json\/wp\/v2\/pages\/331\/revisions"}],"predecessor-version":[{"id":618,"href":"https:\/\/salesianmissions.hu\/voluntary\/wp-json\/wp\/v2\/pages\/331\/revisions\/618"}],"wp:attachment":[{"href":"https:\/\/salesianmissions.hu\/voluntary\/wp-json\/wp\/v2\/media?parent=331"}],"curies":[{"name":"wp","href":"https:\/\/api.w.org\/{rel}","templated":true}]}}