{"id":359,"date":"2020-10-18T10:41:55","date_gmt":"2020-10-18T10:41:55","guid":{"rendered":"http:\/\/salesianmissions.hu\/voluntary\/?page_id=359"},"modified":"2020-10-18T10:50:53","modified_gmt":"2020-10-18T10:50:53","slug":"tamogatok-tamogatasok","status":"publish","type":"page","link":"https:\/\/salesianmissions.hu\/voluntary\/tamogatok-tamogatasok\/","title":{"rendered":"T\u00e1mogat\u00f3k &#8211; t\u00e1mogat\u00e1sok"},"content":{"rendered":"\n<h3 class=\"has-text-align-center\">Erasmus+ Europian Solidarity Corps &#8211; VOLUNTEERING<\/h3>\n\n\n\n<p class=\"has-text-align-center\">Az Eur\u00f3pai Szolidarit\u00e1si Test\u00fclet <em>\u00d6nk\u00e9ntes tev\u00e9kenys\u00e9gein<\/em> kereszt\u00fcl van lehet\u0151s\u00e9g\u00fcnk a Szal\u00e9zi Misszi\u00f3s \u00d6nk\u00e9ntesek sz\u00e1m\u00e1ra t\u00e1mogat\u00e1s leh\u00edv\u00e1s\u00e1ra.<br><a href=\"https:\/\/ec.europa.eu\/youth\/sites\/youth\/files\/library\/documents\/2018-european-solidarity-corps-guide.pdf\" target=\"_blank\" rel=\"noreferrer noopener\">Ennek r\u00e9szleteir\u0151l az al\u00e1bbi dokumentumban tal\u00e1lsz eligaz\u00edt\u00e1st.<\/a><\/p>\n\n\n\n<div class=\"wp-block-image is-style-default\"><figure class=\"aligncenter size-full\"><a href=\"https:\/\/europa.eu\/youth\/solidarity_en\"><img decoding=\"async\" loading=\"lazy\" width=\"473\" height=\"115\" src=\"http:\/\/salesianmissions.hu\/voluntary\/wp-content\/uploads\/2020\/10\/esc-logo-hu.png\" alt=\"\" class=\"wp-image-360\"\/><\/a><\/figure><\/div>\n\n\n\n<hr class=\"wp-block-separator\"\/>\n\n\n\n<p><\/p>\n\n\n\n<p><\/p>\n\n\n\n<h3 class=\"has-text-align-center\">Hungary helps &#8211; Magyarorsz\u00e1g seg\u00edt &#8211; sz\u00edvvel l\u00e9lekkel<\/h3>\n\n\n\n<p class=\"has-text-align-center\">A Hungary Helps programmal kapcsolatban k\u00f6z\u00f6s k\u00e9pz\u00e9si \u00e9s seg\u00edts\u00e9gny\u00fajt\u00e1si feladatokat k\u00e9sz\u00edt\u00fcnk el\u0151 \u00e9s val\u00f3s\u00edtunk meg. A Szal\u00e9zi Misszi\u00f3s \u00d6nk\u00e9ntesek mint Szakemberek \u00e9s egy\u00e9b technikai seg\u00edts\u00e9gny\u00fajt\u00e1s, illetve\u00a0 az oktat\u00e1ssal kapcsolatos akci\u00f3kban vesznek r\u00e9szt, mely sor\u00e1n egy\u00fcttm\u0171k\u00f6dnek a helyi szal\u00e9zi misszi\u00f3kkal.<\/p>\n\n\n\n<p class=\"has-text-align-center\"><a href=\"http:\/\/hungaryhelps.gov.hu\/hu\/\" target=\"_blank\" rel=\"noreferrer noopener\">A Magyarorsz\u00e1g seg\u00edt programr\u00f3l itt tal\u00e1lsz tov\u00e1bbi inform\u00e1ci\u00f3kat.<\/a><\/p>\n\n\n\n<div class=\"wp-block-image is-style-default\"><figure class=\"aligncenter size-full\"><a href=\"http:\/\/hungaryhelps.gov.hu\/hu\/\"><img decoding=\"async\" loading=\"lazy\" width=\"780\" height=\"627\" src=\"http:\/\/salesianmissions.hu\/voluntary\/wp-content\/uploads\/2020\/10\/Layer_2.png\" alt=\"\" class=\"wp-image-361\" srcset=\"https:\/\/salesianmissions.hu\/voluntary\/wp-content\/uploads\/2020\/10\/Layer_2.png 780w, https:\/\/salesianmissions.hu\/voluntary\/wp-content\/uploads\/2020\/10\/Layer_2-768x617.png 768w\" sizes=\"(max-width: 780px) 100vw, 780px\" \/><\/a><\/figure><\/div>\n\n\n\n<p><\/p>\n","protected":false},"excerpt":{"rendered":"<p>Erasmus+ Europian Solidarity Corps &#8211; VOLUNTEERING Az Eur\u00f3pai Szolidarit\u00e1si Test\u00fclet \u00d6nk\u00e9ntes tev\u00e9kenys\u00e9gein kereszt\u00fcl van lehet\u0151s\u00e9g\u00fcnk a Szal\u00e9zi Misszi\u00f3s \u00d6nk\u00e9ntesek sz\u00e1m\u00e1ra t\u00e1mogat\u00e1s leh\u00edv\u00e1s\u00e1ra.Ennek r\u00e9szleteir\u0151l az al\u00e1bbi<\/p>\n","protected":false},"author":2,"featured_media":0,"parent":0,"menu_order":0,"comment_status":"closed","ping_status":"closed","template":"","meta":[],"_links":{"self":[{"href":"https:\/\/salesianmissions.hu\/voluntary\/wp-json\/wp\/v2\/pages\/359"}],"collection":[{"href":"https:\/\/salesianmissions.hu\/voluntary\/wp-json\/wp\/v2\/pages"}],"about":[{"href":"https:\/\/salesianmissions.hu\/voluntary\/wp-json\/wp\/v2\/types\/page"}],"author":[{"embeddable":true,"href":"https:\/\/salesianmissions.hu\/voluntary\/wp-json\/wp\/v2\/users\/2"}],"replies":[{"embeddable":true,"href":"https:\/\/salesianmissions.hu\/voluntary\/wp-json\/wp\/v2\/comments?post=359"}],"version-history":[{"count":7,"href":"https:\/\/salesianmissions.hu\/voluntary\/wp-json\/wp\/v2\/pages\/359\/revisions"}],"predecessor-version":[{"id":369,"href":"https:\/\/salesianmissions.hu\/voluntary\/wp-json\/wp\/v2\/pages\/359\/revisions\/369"}],"wp:attachment":[{"href":"https:\/\/salesianmissions.hu\/voluntary\/wp-json\/wp\/v2\/media?parent=359"}],"curies":[{"name":"wp","href":"https:\/\/api.w.org\/{rel}","templated":true}]}}