{"id":370,"date":"2020-10-18T10:56:06","date_gmt":"2020-10-18T10:56:06","guid":{"rendered":"http:\/\/salesianmissions.hu\/voluntary\/?page_id=370"},"modified":"2023-02-15T00:34:05","modified_gmt":"2023-02-15T00:34:05","slug":"partner-szervezetek","status":"publish","type":"page","link":"https:\/\/salesianmissions.hu\/voluntary\/partner-szervezetek\/","title":{"rendered":"Partner szervezetek"},"content":{"rendered":"\n<div class=\"wp-block-media-text alignwide has-media-on-the-right is-stacked-on-mobile\"><div class=\"wp-block-media-text__content\">\n<h2>Don Bosco Schwestern &#8211; Ausztria<\/h2>\n\n\n\n<p><a href=\"https:\/\/www.donbosco.at\/de\/fma\/voecklabruck\/kontakt.html\">Don Bosco Schwestern &#8211; Ausztria<\/a><\/p>\n<\/div><figure class=\"wp-block-media-text__media\"><img decoding=\"async\" loading=\"lazy\" width=\"645\" height=\"525\" src=\"http:\/\/salesianmissions.hu\/voluntary\/wp-content\/uploads\/2023\/02\/image-7.png\" alt=\"\" class=\"wp-image-610 size-full\"\/><\/figure><\/div>\n\n\n\n<div class=\"wp-block-media-text alignwide has-media-on-the-right is-stacked-on-mobile\"><div class=\"wp-block-media-text__content\">\n<h2>IniciativAngola &#8211; Ausztria<\/h2>\n\n\n\n<p><a href=\"https:\/\/www.angola.at\" target=\"_blank\" rel=\"noreferrer noopener\">https:\/\/www.angola.at<\/a><\/p>\n<\/div><figure class=\"wp-block-media-text__media\"><a href=\"https:\/\/angola.at\"><img decoding=\"async\" loading=\"lazy\" width=\"595\" height=\"595\" src=\"http:\/\/salesianmissions.hu\/voluntary\/wp-content\/uploads\/2023\/02\/image-2.png\" alt=\"\" class=\"wp-image-605 size-full\" srcset=\"https:\/\/salesianmissions.hu\/voluntary\/wp-content\/uploads\/2023\/02\/image-2.png 595w, https:\/\/salesianmissions.hu\/voluntary\/wp-content\/uploads\/2023\/02\/image-2-300x300.png 300w, https:\/\/salesianmissions.hu\/voluntary\/wp-content\/uploads\/2023\/02\/image-2-150x150.png 150w\" sizes=\"(max-width: 595px) 100vw, 595px\" \/><\/a><\/figure><\/div>\n\n\n\n<div class=\"wp-block-media-text alignwide has-media-on-the-right is-stacked-on-mobile\"><div class=\"wp-block-media-text__content\">\n<h2>Pfarre St. Joseph Siebenh\u00fcgel &#8211; Ausztria<\/h2>\n\n\n\n<p><a href=\"https:\/\/www.kath-kirche-kaernten.at\/pfarren\/pfarre\/C3088\" target=\"_blank\" rel=\"noreferrer noopener\">https:\/\/www.kath-kirche-kaernten.at\/pfarren\/pfarre\/C3088<\/a><\/p>\n<\/div><figure class=\"wp-block-media-text__media\"><a href=\"https:\/\/www.kath-kirche-kaernten.at\/pfarren\/pfarre\/C3088\" target=\"_blank\" rel=\"noreferrer noopener\"><img decoding=\"async\" loading=\"lazy\" width=\"150\" height=\"120\" src=\"http:\/\/salesianmissions.hu\/voluntary\/wp-content\/uploads\/2023\/02\/image-1.png\" alt=\"\" class=\"wp-image-604 size-full\"\/><\/a><\/figure><\/div>\n\n\n\n<div class=\"wp-block-media-text alignwide has-media-on-the-right is-stacked-on-mobile\"><div class=\"wp-block-media-text__content\">\n<h2>Don Bosko Rakovnik &#8211; Szlov\u00e9nia<\/h2>\n\n\n\n<p><a rel=\"noreferrer noopener\" href=\"https:\/\/rakovnik.si\/\" target=\"_blank\">https:\/\/rakovnik.si\/<\/a><\/p>\n<\/div><figure class=\"wp-block-media-text__media\"><img decoding=\"async\" loading=\"lazy\" width=\"225\" height=\"225\" src=\"http:\/\/salesianmissions.hu\/voluntary\/wp-content\/uploads\/2023\/02\/image-4.png\" alt=\"\" class=\"wp-image-607 size-full\" srcset=\"https:\/\/salesianmissions.hu\/voluntary\/wp-content\/uploads\/2023\/02\/image-4.png 225w, https:\/\/salesianmissions.hu\/voluntary\/wp-content\/uploads\/2023\/02\/image-4-150x150.png 150w\" sizes=\"(max-width: 225px) 100vw, 225px\" \/><\/figure><\/div>\n\n\n\n<div class=\"wp-block-media-text alignwide has-media-on-the-right is-stacked-on-mobile\"><div class=\"wp-block-media-text__content\">\n<h2>Savio House &#8211; Egyes\u00fclt Kir\u00e1lys\u00e1g<\/h2>\n\n\n\n<p><a href=\"https:\/\/www.saviohouse.org.uk\/\">https:\/\/www.saviohouse.org.uk\/<\/a><\/p>\n<\/div><figure class=\"wp-block-media-text__media\"><img decoding=\"async\" loading=\"lazy\" width=\"360\" height=\"200\" src=\"http:\/\/salesianmissions.hu\/voluntary\/wp-content\/uploads\/2023\/02\/image-5.png\" alt=\"\" class=\"wp-image-608 size-full\"\/><\/figure><\/div>\n\n\n\n<div class=\"wp-block-media-text alignwide has-media-on-the-right is-stacked-on-mobile\"><div class=\"wp-block-media-text__content\">\n<h2><strong>Don Bosco Child Protection Center &#8211; Ghana<\/strong><\/h2>\n<\/div><figure class=\"wp-block-media-text__media\"><a href=\"https:\/\/sdbaos.org\/portfolios\/cpc-ghana\/\"><img decoding=\"async\" loading=\"lazy\" width=\"396\" height=\"127\" src=\"http:\/\/salesianmissions.hu\/voluntary\/wp-content\/uploads\/2023\/02\/image-8.png\" alt=\"\" class=\"wp-image-611 size-full\"\/><\/a><\/figure><\/div>\n\n\n\n<div class=\"wp-block-media-text alignwide has-media-on-the-right is-stacked-on-mobile\"><div class=\"wp-block-media-text__content\">\n<h2>Don Bosco Youth Net<\/h2>\n\n\n\n<p><a href=\"https:\/\/www.donboscoyouth.net\/\">https:\/\/www.donboscoyouth.net\/<\/a><\/p>\n<\/div><figure class=\"wp-block-media-text__media\"><img decoding=\"async\" loading=\"lazy\" width=\"136\" height=\"100\" src=\"http:\/\/salesianmissions.hu\/voluntary\/wp-content\/uploads\/2023\/02\/image-9.png\" alt=\"\" class=\"wp-image-612 size-full\"\/><\/figure><\/div>\n","protected":false},"excerpt":{"rendered":"<p>Don Bosco Schwestern &#8211; Ausztria Don Bosco Schwestern &#8211; Ausztria IniciativAngola &#8211; Ausztria https:\/\/www.angola.at Pfarre St. Joseph Siebenh\u00fcgel &#8211; Ausztria https:\/\/www.kath-kirche-kaernten.at\/pfarren\/pfarre\/C3088 Don Bosko Rakovnik &#8211;<\/p>\n","protected":false},"author":2,"featured_media":0,"parent":0,"menu_order":0,"comment_status":"closed","ping_status":"closed","template":"","meta":[],"_links":{"self":[{"href":"https:\/\/salesianmissions.hu\/voluntary\/wp-json\/wp\/v2\/pages\/370"}],"collection":[{"href":"https:\/\/salesianmissions.hu\/voluntary\/wp-json\/wp\/v2\/pages"}],"about":[{"href":"https:\/\/salesianmissions.hu\/voluntary\/wp-json\/wp\/v2\/types\/page"}],"author":[{"embeddable":true,"href":"https:\/\/salesianmissions.hu\/voluntary\/wp-json\/wp\/v2\/users\/2"}],"replies":[{"embeddable":true,"href":"https:\/\/salesianmissions.hu\/voluntary\/wp-json\/wp\/v2\/comments?post=370"}],"version-history":[{"count":5,"href":"https:\/\/salesianmissions.hu\/voluntary\/wp-json\/wp\/v2\/pages\/370\/revisions"}],"predecessor-version":[{"id":613,"href":"https:\/\/salesianmissions.hu\/voluntary\/wp-json\/wp\/v2\/pages\/370\/revisions\/613"}],"wp:attachment":[{"href":"https:\/\/salesianmissions.hu\/voluntary\/wp-json\/wp\/v2\/media?parent=370"}],"curies":[{"name":"wp","href":"https:\/\/api.w.org\/{rel}","templated":true}]}}