{"id":426,"date":"2021-07-22T14:40:42","date_gmt":"2021-07-22T14:40:42","guid":{"rendered":"http:\/\/salesianmissions.hu\/voluntary\/?page_id=426"},"modified":"2021-07-22T15:30:04","modified_gmt":"2021-07-22T15:30:04","slug":"kozelkelet","status":"publish","type":"page","link":"https:\/\/salesianmissions.hu\/voluntary\/kozelkelet\/","title":{"rendered":"K\u00f6zelkelet"},"content":{"rendered":"<ul class=\"wp-block-latest-posts__list wp-block-latest-posts\"><li><a class=\"wp-block-latest-posts__post-title\" href=\"https:\/\/salesianmissions.hu\/voluntary\/2021\/07\/22\/missziossapka\/\">Misszi\u00f3s \u00f6nk\u00e9ntes sapka &#8211; adom\u00e1ny<\/a><div class=\"wp-block-latest-posts__post-full-content\"><!-- wp:heading -->\n<h2>Adom\u00e1ny gy\u0171jt\u00e9st kezdem\u00e9nyez\u00fcnk \u00fcld\u00f6z\u00f6tt kereszt\u00e9ny testv\u00e9reink-k\u00f6zelkeleti szal\u00e9zi misszi\u00f3k jav\u00e1ra<\/h2>\n<!-- \/wp:heading -->\n\n<!-- wp:paragraph -->\n<p>Szal\u00e9zi Misszi\u00f3s \u00d6nk\u00e9ntesekk\u00e9nt t\u00f6reksz\u00fcnk jobb\u00e1 tenni k\u00f6rnyezet\u00fcnket m\u00e1r itthon is, azonban nyitott szemmel j\u00e1rva tudjuk, hogy ak\u00e1r nagyobb j\u00f3t is tehet\u00fcnk m\u00e1shol a vil\u00e1gban ugyanazzal a j\u00f3tettel, vagy adom\u00e1nnyal, mintha idehaza &#8222;csak&#8221; magunkra ford\u00edtan\u00e1nk. <\/p>\n<!-- \/wp:paragraph -->\n\n<!-- wp:quote -->\n<blockquote class=\"wp-block-quote\"><p>&#8222;A j\u00f3tetthez kell egy kis b\u00e1tors\u00e1g \u00e9s egy kis \u00f6nmegtagad\u00e1s v\u00e1llal\u00e1sa is.&#8221;<\/p><cite>Don Bosco<\/cite><\/blockquote>\n<!-- \/wp:quote -->\n\n<!-- wp:paragraph -->\n<p>Misszi\u00f3s \u00d6nk\u00e9ntes Log\u00f3val ell\u00e1tott sildessapk\u00e1inkat ez\u00e9rt adom\u00e1nygy\u0171jt\u00e9shez kapcsol\u00f3d\u00f3 aj\u00e1nd\u00e9kk\u00e9nt adjuk neked, amivel m\u00e1r itthon is j\u00f3t teszel, \u00f6nk\u00e9nteseink pedig 2022 \u00e9v elej\u00e9n eljuttatj\u00e1k az \u00f6sszegy\u0171jt\u00f6tt adom\u00e1nyokat azokhoz a r\u00e1szorul\u00f3khoz a k\u00f6zelkeleten, akiknek a sapka \u00e1r\u00e1t sz\u00e1ntad.<\/p>\n<!-- \/wp:paragraph -->\n\n<!-- wp:paragraph -->\n<p><strong>Adom\u00e1nyozz legal\u00e1bb 3000 Ft \u00e9rt\u00e9kben \u00fcld\u00f6z\u00f6tt kereszt\u00e9nyek seg\u00edt\u00e9s\u00e9re,<\/strong> \u00e9s megaj\u00e1nd\u00e9kozunk egy Szal\u00e9zi Misszi\u00f3s \u00d6nk\u00e9ntes log\u00f3val d\u00edsz\u00edtett sapk\u00e1val.<\/p>\n<!-- \/wp:paragraph -->\n\n<!-- wp:image {\"id\":427,\"sizeSlug\":\"large\"} -->\n<figure class=\"wp-block-image size-large\"><img decoding=\"async\" loading=\"lazy\" width=\"724\" height=\"1024\" src=\"http:\/\/salesianmissions.hu\/voluntary\/wp-content\/uploads\/2021\/07\/Misszios-sapka-2-724x1024.png\" alt=\"\" class=\"wp-image-427\" srcset=\"https:\/\/salesianmissions.hu\/voluntary\/wp-content\/uploads\/2021\/07\/Misszios-sapka-2-724x1024.png 724w, https:\/\/salesianmissions.hu\/voluntary\/wp-content\/uploads\/2021\/07\/Misszios-sapka-2-768x1087.png 768w, https:\/\/salesianmissions.hu\/voluntary\/wp-content\/uploads\/2021\/07\/Misszios-sapka-2.png 896w\" sizes=\"(max-width: 724px) 100vw, 724px\" \/><\/figure>\n<!-- \/wp:image --><\/div><\/li>\n<\/ul>","protected":false},"excerpt":{"rendered":"","protected":false},"author":2,"featured_media":0,"parent":0,"menu_order":0,"comment_status":"closed","ping_status":"closed","template":"","meta":[],"_links":{"self":[{"href":"https:\/\/salesianmissions.hu\/voluntary\/wp-json\/wp\/v2\/pages\/426"}],"collection":[{"href":"https:\/\/salesianmissions.hu\/voluntary\/wp-json\/wp\/v2\/pages"}],"about":[{"href":"https:\/\/salesianmissions.hu\/voluntary\/wp-json\/wp\/v2\/types\/page"}],"author":[{"embeddable":true,"href":"https:\/\/salesianmissions.hu\/voluntary\/wp-json\/wp\/v2\/users\/2"}],"replies":[{"embeddable":true,"href":"https:\/\/salesianmissions.hu\/voluntary\/wp-json\/wp\/v2\/comments?post=426"}],"version-history":[{"count":4,"href":"https:\/\/salesianmissions.hu\/voluntary\/wp-json\/wp\/v2\/pages\/426\/revisions"}],"predecessor-version":[{"id":437,"href":"https:\/\/salesianmissions.hu\/voluntary\/wp-json\/wp\/v2\/pages\/426\/revisions\/437"}],"wp:attachment":[{"href":"https:\/\/salesianmissions.hu\/voluntary\/wp-json\/wp\/v2\/media?parent=426"}],"curies":[{"name":"wp","href":"https:\/\/api.w.org\/{rel}","templated":true}]}}