{"id":506,"date":"2023-02-13T22:07:30","date_gmt":"2023-02-13T22:07:30","guid":{"rendered":"http:\/\/salesianmissions.hu\/voluntary\/?page_id=506"},"modified":"2023-02-13T22:10:40","modified_gmt":"2023-02-13T22:10:40","slug":"jelentkezes","status":"publish","type":"page","link":"https:\/\/salesianmissions.hu\/voluntary\/jelentkezes\/","title":{"rendered":"Jelentkez\u00e9s"},"content":{"rendered":"\n<p>Ha \u00fagy \u00e9rzed, hogy k\u00e9szen \u00e1llsz egy Szal\u00e9zi Misszi\u00f3s \u00d6nk\u00e9ntes k\u00fcldet\u00e9sre, k\u00fcldj e-mailen \u00f6n\u00e9letrajzot \u00e9s motiv\u00e1ci\u00f3s levelet az <a href=\"mailto:sdb.mission.hungary@gmail.com\">sdb.mission.hungary@gmail.com<\/a> e-mail c\u00edmre!<\/p>\n\n\n\n<h4>\u00d6n\u00e9letrajz<\/h4>\n\n\n\n<p>Az \u00f6n\u00e9letrajzod egy 1 oldalas dokumentum legyen, amiben kreativit\u00e1sodnak megfelel\u0151en felt\u00fcntetsz minden olyan inform\u00e1ci\u00f3t, amit tudni kell r\u00f3lad:<\/p>\n\n\n\n<ul><li>Neved, esetleg f\u00e9nyk\u00e9ped<\/li><li>El\u00e9rhet\u0151s\u00e9geid (c\u00edm, e-mail c\u00edm, telefonsz\u00e1m, SM&#8230;) <\/li><li>Sikereid \u00e9s tapasztalataid (Tanulm\u00e1nyaid, \u00d6nk\u00e9ntes tev\u00e9kenys\u00e9geid, Versenyeredm\u00e9nyek, stb.)<\/li><li>K\u00e9pess\u00e9geid, amikre b\u00fcszke vagy (nyelvtud\u00e1s, hobbi, sport&#8230;)<\/li><li>Mott\u00f3d&#8230;<\/li><\/ul>\n\n\n\n<h4>Motiv\u00e1ci\u00f3s lev\u00e9l<\/h4>\n\n\n\n<p>A lev\u00e9lben mondd el nek\u00fcnk \u00e9s a leend\u0151 fogad\u00f3 k\u00f6z\u00f6ss\u00e9gnek, ahol \u00f6nk\u00e9nteskedn\u00e9l mindazokat a fontos tudnival\u00f3kat, amik nem der\u00fclnek ki az \u00f6n\u00e9letrajzodb\u00f3l, de nagyon is \u00e9rdekes a k\u00fcldet\u00e9sed szempontj\u00e1b\u00f3l: <\/p>\n\n\n\n<ul><li>Mi ind\u00edt arra, hogy Szal\u00e9zi Misszi\u00f3s \u00d6nk\u00e9ntess\u00e9get v\u00e1laszd? &#8211; Keresd az igazi motiv\u00e1ci\u00f3id!<\/li><li>Mikor (mett\u0151l-meddig?) szeretn\u00e9l \u00f6nk\u00e9nteskedni? &#8211; Legy\u00e9l kezdem\u00e9nyez\u0151! <\/li><li>Hogyan illik bele az \u00e9leted folyamat\u00e1ba a SZM\u00d6? &#8211; Mes\u00e9lj p\u00e1r sz\u00f3t, mutasd be a j\u00f6v\u0151det is!<\/li><li>Mi\u00e9rt pont te lenn\u00e9l a legalkalmasabb a feladatra? &#8211; Dicsekedj b\u00e1tran, de csak finoman!<\/li><\/ul>\n\n\n\n<p><\/p>\n\n\n\n<p>Sablont \u00e9s tov\u00e1bbi j\u00f3 tippeket tal\u00e1lhatsz az <a rel=\"noreferrer noopener\" href=\"https:\/\/europa.eu\/europass\/hu\" data-type=\"URL\" data-id=\"https:\/\/europa.eu\/europass\/hu\" target=\"_blank\">https:\/\/europa.eu\/europass\/hu<\/a> oldalon.<\/p>\n\n\n\n<figure class=\"wp-block-image size-large\"><img decoding=\"async\" loading=\"lazy\" width=\"1024\" height=\"724\" src=\"http:\/\/salesianmissions.hu\/voluntary\/wp-content\/uploads\/2023\/02\/SZMO-ifi-motivacios-oneletrajz-1024x724.png\" alt=\"\" class=\"wp-image-507\" srcset=\"https:\/\/salesianmissions.hu\/voluntary\/wp-content\/uploads\/2023\/02\/SZMO-ifi-motivacios-oneletrajz-1024x724.png 1024w, https:\/\/salesianmissions.hu\/voluntary\/wp-content\/uploads\/2023\/02\/SZMO-ifi-motivacios-oneletrajz-768x543.png 768w, https:\/\/salesianmissions.hu\/voluntary\/wp-content\/uploads\/2023\/02\/SZMO-ifi-motivacios-oneletrajz-1536x1086.png 1536w, https:\/\/salesianmissions.hu\/voluntary\/wp-content\/uploads\/2023\/02\/SZMO-ifi-motivacios-oneletrajz.png 2000w\" sizes=\"(max-width: 1024px) 100vw, 1024px\" \/><\/figure>\n","protected":false},"excerpt":{"rendered":"<p>Ha \u00fagy \u00e9rzed, hogy k\u00e9szen \u00e1llsz egy Szal\u00e9zi Misszi\u00f3s \u00d6nk\u00e9ntes k\u00fcldet\u00e9sre, k\u00fcldj e-mailen \u00f6n\u00e9letrajzot \u00e9s motiv\u00e1ci\u00f3s levelet az sdb.mission.hungary@gmail.com e-mail c\u00edmre! \u00d6n\u00e9letrajz Az \u00f6n\u00e9letrajzod egy<\/p>\n","protected":false},"author":2,"featured_media":0,"parent":0,"menu_order":0,"comment_status":"closed","ping_status":"closed","template":"","meta":[],"_links":{"self":[{"href":"https:\/\/salesianmissions.hu\/voluntary\/wp-json\/wp\/v2\/pages\/506"}],"collection":[{"href":"https:\/\/salesianmissions.hu\/voluntary\/wp-json\/wp\/v2\/pages"}],"about":[{"href":"https:\/\/salesianmissions.hu\/voluntary\/wp-json\/wp\/v2\/types\/page"}],"author":[{"embeddable":true,"href":"https:\/\/salesianmissions.hu\/voluntary\/wp-json\/wp\/v2\/users\/2"}],"replies":[{"embeddable":true,"href":"https:\/\/salesianmissions.hu\/voluntary\/wp-json\/wp\/v2\/comments?post=506"}],"version-history":[{"count":2,"href":"https:\/\/salesianmissions.hu\/voluntary\/wp-json\/wp\/v2\/pages\/506\/revisions"}],"predecessor-version":[{"id":509,"href":"https:\/\/salesianmissions.hu\/voluntary\/wp-json\/wp\/v2\/pages\/506\/revisions\/509"}],"wp:attachment":[{"href":"https:\/\/salesianmissions.hu\/voluntary\/wp-json\/wp\/v2\/media?parent=506"}],"curies":[{"name":"wp","href":"https:\/\/api.w.org\/{rel}","templated":true}]}}