{"id":687,"date":"2024-01-11T17:38:31","date_gmt":"2024-01-11T17:38:31","guid":{"rendered":"https:\/\/salesianmissions.hu\/voluntary\/?page_id=687"},"modified":"2024-01-11T18:26:37","modified_gmt":"2024-01-11T18:26:37","slug":"beszamolok","status":"publish","type":"page","link":"https:\/\/salesianmissions.hu\/voluntary\/kuldetesek\/beszamolok\/","title":{"rendered":"Besz\u00e1mol\u00f3k"},"content":{"rendered":"\n<p>Ezen az oldalon megtal\u00e1ljatok volt \u00f6nk\u00e9nteseink besz\u00e1mol\u00f3it saj\u00e1t k\u00fcldet\u00e9s\u00fckr\u0151l. <\/p>\n\n\n\n<figure class=\"wp-block-embed is-type-wp-embed is-provider-szalezi-misszios-onkentesek wp-block-embed-szalezi-misszios-onkentesek\"><div class=\"wp-block-embed__wrapper\">\n<blockquote class=\"wp-embedded-content\" data-secret=\"M522mxaRET\"><a href=\"https:\/\/salesianmissions.hu\/voluntary\/2024\/01\/11\/misszios-onkentesseg-a-savio-hazban\/\">Misszi\u00f3s \u00d6nk\u00e9ntess\u00e9g a Savio H\u00e1zban<\/a><\/blockquote><iframe class=\"wp-embedded-content\" sandbox=\"allow-scripts\" security=\"restricted\" style=\"position: absolute; clip: rect(1px, 1px, 1px, 1px);\" title=\"&#8220;Misszi\u00f3s \u00d6nk\u00e9ntess\u00e9g a Savio H\u00e1zban&#8221; &#8212; Szal\u00e9zi Misszi\u00f3s \u00d6nk\u00e9ntesek\" src=\"https:\/\/salesianmissions.hu\/voluntary\/2024\/01\/11\/misszios-onkentesseg-a-savio-hazban\/embed\/#?secret=T3v7rpRIG7#?secret=M522mxaRET\" data-secret=\"M522mxaRET\" width=\"600\" height=\"338\" frameborder=\"0\" marginwidth=\"0\" marginheight=\"0\" scrolling=\"no\"><\/iframe>\n<\/div><\/figure>\n\n\n\n<figure class=\"wp-block-embed is-type-wp-embed is-provider-szalezi-misszios-onkentesek wp-block-embed-szalezi-misszios-onkentesek\"><div class=\"wp-block-embed__wrapper\">\n<blockquote class=\"wp-embedded-content\" data-secret=\"mFTTmQ7mnR\"><a href=\"https:\/\/salesianmissions.hu\/voluntary\/2024\/01\/11\/ghanai-misszio\/\">Gh\u00e1nai Misszi\u00f3<\/a><\/blockquote><iframe class=\"wp-embedded-content\" sandbox=\"allow-scripts\" security=\"restricted\" style=\"position: absolute; clip: rect(1px, 1px, 1px, 1px);\" title=\"&#8220;Gh\u00e1nai Misszi\u00f3&#8221; &#8212; Szal\u00e9zi Misszi\u00f3s \u00d6nk\u00e9ntesek\" src=\"https:\/\/salesianmissions.hu\/voluntary\/2024\/01\/11\/ghanai-misszio\/embed\/#?secret=mB6cwzblAf#?secret=mFTTmQ7mnR\" data-secret=\"mFTTmQ7mnR\" width=\"600\" height=\"338\" frameborder=\"0\" marginwidth=\"0\" marginheight=\"0\" scrolling=\"no\"><\/iframe>\n<\/div><\/figure>\n","protected":false},"excerpt":{"rendered":"<p>Ezen az oldalon megtal\u00e1ljatok volt \u00f6nk\u00e9nteseink besz\u00e1mol\u00f3it saj\u00e1t k\u00fcldet\u00e9s\u00fckr\u0151l.<\/p>\n","protected":false},"author":5,"featured_media":0,"parent":296,"menu_order":6,"comment_status":"open","ping_status":"closed","template":"","meta":[],"_links":{"self":[{"href":"https:\/\/salesianmissions.hu\/voluntary\/wp-json\/wp\/v2\/pages\/687"}],"collection":[{"href":"https:\/\/salesianmissions.hu\/voluntary\/wp-json\/wp\/v2\/pages"}],"about":[{"href":"https:\/\/salesianmissions.hu\/voluntary\/wp-json\/wp\/v2\/types\/page"}],"author":[{"embeddable":true,"href":"https:\/\/salesianmissions.hu\/voluntary\/wp-json\/wp\/v2\/users\/5"}],"replies":[{"embeddable":true,"href":"https:\/\/salesianmissions.hu\/voluntary\/wp-json\/wp\/v2\/comments?post=687"}],"version-history":[{"count":3,"href":"https:\/\/salesianmissions.hu\/voluntary\/wp-json\/wp\/v2\/pages\/687\/revisions"}],"predecessor-version":[{"id":716,"href":"https:\/\/salesianmissions.hu\/voluntary\/wp-json\/wp\/v2\/pages\/687\/revisions\/716"}],"up":[{"embeddable":true,"href":"https:\/\/salesianmissions.hu\/voluntary\/wp-json\/wp\/v2\/pages\/296"}],"wp:attachment":[{"href":"https:\/\/salesianmissions.hu\/voluntary\/wp-json\/wp\/v2\/media?parent=687"}],"curies":[{"name":"wp","href":"https:\/\/api.w.org\/{rel}","templated":true}]}}